{"id":5548,"date":"2023-08-22T07:54:31","date_gmt":"2023-08-22T07:54:31","guid":{"rendered":"https:\/\/kuoomserengeti.com\/politica-de-privacidad-2\/"},"modified":"2023-08-22T07:57:46","modified_gmt":"2023-08-22T07:57:46","slug":"politica-de-privacidad","status":"publish","type":"page","link":"https:\/\/kuoomserengeti.com\/es\/politica-de-privacidad\/","title":{"rendered":"Pol\u00edtica de privacidad"},"content":{"rendered":"\n<p><\/p><div class=\"hfeed site\" id=\"page\"><div id=\"content\" class=\"site-content\"><div class=\"ast-container\"><div id=\"primary\" class=\"content-area primary\"><main id=\"main\" class=\"site-main\"><article class=\"post-5440 page type-page status-publish ast-article-single\" id=\"post-5440\" itemtype=\"https:\/\/schema.org\/CreativeWork\" itemscope=\"itemscope\"><div class=\"entry-content clear\" itemprop=\"text\"><p class=\"privacy-policy-p\">  Esta Pol\u00edtica de Privacidad describe las pol\u00edticas de Kuoom Andorra, S.L.., Carrer Mirador d&#8217;Encamp 16, edificio 3, 4-4A AD200, Andorra la Vella &#8211; Andorra.., Andorra AD200, Andorra, email: info@kuoomserengeti.com, tel\u00e9fono: +255684543619 sobre la recopilaci\u00f3n, uso y divulgaci\u00f3n de su informaci\u00f3n que recopilamos cuando utiliza nuestro sitio web ( https:\/\/kuoomserengeti.com ). (el \u00abServicio\u00bb). Al acceder o utilizar el Servicio, usted consiente la recopilaci\u00f3n, uso y divulgaci\u00f3n de su informaci\u00f3n de conformidad con la presente Pol\u00edtica de Privacidad. Si no da su consentimiento, le rogamos que no acceda al Servicio ni lo utilice. Podemos modificar esta Pol\u00edtica de Privacidad en cualquier momento sin previo aviso y publicaremos la Pol\u00edtica de Privacidad revisada en el Servicio. La Pol\u00edtica revisada entrar\u00e1 en vigor a los 180 d\u00edas de su publicaci\u00f3n en el Servicio y su acceso o uso continuado del Servicio despu\u00e9s de dicho plazo constituir\u00e1 su aceptaci\u00f3n de la Pol\u00edtica de Privacidad revisada. Por lo tanto, le recomendamos que revise peri\u00f3dicamente esta p\u00e1gina.<\/p><li>  <h2 class=\"privacy-policy-h2\">  How We Use Your Information:         <\/h2>         <p class=\"privacy-policy-p\">  Utilizaremos la informaci\u00f3n que recopilemos sobre usted para los siguientes fines:  <\/p>         <ol class=\"privacy-policy-ol\"><li>Marketing\/ PromotionalSupport<\/li><\/ol>         <p class=\"privacy-policy-p\">  Si deseamos utilizar su informaci\u00f3n para cualquier otro fin, le pediremos su consentimiento y utilizaremos su informaci\u00f3n s\u00f3lo cuando recibamos su consentimiento y, en ese caso, s\u00f3lo para el fin o fines para los que otorgamos el consentimiento, a menos que la ley nos obligue a hacer otra cosa.  <\/p>              <h2 class=\"privacy-policy-h2\">  Your Rights:         <\/h2>         <p class=\"privacy-policy-p\">  En funci\u00f3n de la legislaci\u00f3n aplicable, puede tener derecho a acceder a sus datos personales y rectificarlos o borrarlos, o a recibir una copia de los mismos, a limitar el tratamiento activo de sus datos o a oponerse a \u00e9l, a pedirnos que compartamos (portemos) su informaci\u00f3n personal con otra entidad, a retirar cualquier consentimiento que nos haya dado para tratar sus datos, a presentar una reclamaci\u00f3n ante una autoridad legal y a cualquier otro derecho que pueda corresponderle en virtud de la legislaci\u00f3n aplicable. Para ejercer estos derechos, puede escribirnos a info@kuoomserengeti.com. Responderemos a su solicitud de conformidad con la legislaci\u00f3n aplicable.  <\/p>                 <p class=\"privacy-policy-p\">  Puede darse de baja de las comunicaciones de marketing directo o de la elaboraci\u00f3n de perfiles que llevamos a cabo con fines de marketing escribi\u00e9ndonos a info@kuoomserengeti.com.  <\/p>                  <p class=\"privacy-policy-p\">  Tenga en cuenta que si no nos permite recopilar o procesar la informaci\u00f3n personal requerida o retira el consentimiento para procesar la misma para los fines requeridos, es posible que no pueda acceder o utilizar los servicios para los que se solicit\u00f3 su informaci\u00f3n.  <\/p>              <h2 class=\"privacy-policy-h2\">  Cookies Etc.         <\/h2>         <p class=\"privacy-policy-p\">  Para obtener m\u00e1s informaci\u00f3n sobre c\u00f3mo las utilizamos y sus opciones en relaci\u00f3n con estas tecnolog\u00edas de seguimiento, consulte nuestra <a href=\"https:\/\/kuoomserengeti.com\/es\/\">Pol\u00edtica de cookies.<\/a>         <\/p>              <h2 class=\"privacy-policy-h2\">  Security:         <\/h2>         <p class=\"privacy-policy-p\">  La seguridad de su informaci\u00f3n es importante para nosotros y utilizaremos medidas de seguridad razonables para evitar la p\u00e9rdida, el uso indebido o la alteraci\u00f3n no autorizada de su informaci\u00f3n bajo nuestro control. Sin embargo, dados los riesgos inherentes, no podemos garantizar una seguridad absoluta y, en consecuencia, no podemos asegurar o garantizar la seguridad de cualquier informaci\u00f3n que nos transmita y usted lo hace bajo su propia responsabilidad.  <\/p>              <h2 class=\"privacy-policy-h2\">  Grievance \/ Data Protection Officer:         <\/h2>         <p class=\"privacy-policy-p\">  Si tiene alguna duda o preocupaci\u00f3n sobre el tratamiento de su informaci\u00f3n que est\u00e1 disponible con nosotros, puede enviar un correo electr\u00f3nico a nuestro Oficial de Quejas a Kuoom Andorra, S.L&#8230;, Carrer Mirador d&#8217;Encamp 16, edificio 3, 4-4A AD200, Andorra la Vella &#8211; Andorra.., correo electr\u00f3nico: info@kuoomserengeti.com. Atenderemos sus consultas de conformidad con la legislaci\u00f3n aplicable.  <\/p>     <\/li><\/div><\/article><\/main><\/div><\/div><\/div><\/div> \n","protected":false},"excerpt":{"rendered":"<p>Esta Pol\u00edtica de Privacidad describe las pol\u00edticas de Kuoom Andorra, S.L.., Carrer Mirador d&#8217;Encamp 16, edificio 3, 4-4A AD200, Andorra la Vella &#8211; Andorra.., Andorra AD200, Andorra, email: info@kuoomserengeti.com, tel\u00e9fono: +255684543619 sobre la recopilaci\u00f3n, uso y divulgaci\u00f3n de su informaci\u00f3n que recopilamos cuando utiliza nuestro sitio web ( https:\/\/kuoomserengeti.com ). (el \u00abServicio\u00bb). Al acceder o<\/p>\n","protected":false},"author":3,"featured_media":0,"parent":0,"menu_order":0,"comment_status":"closed","ping_status":"closed","template":"","meta":{"site-sidebar-layout":"default","site-content-layout":"","ast-site-content-layout":"default","site-content-style":"default","site-sidebar-style":"default","ast-global-header-display":"","ast-banner-title-visibility":"","ast-main-header-display":"","ast-hfb-above-header-display":"","ast-hfb-below-header-display":"","ast-hfb-mobile-header-display":"","site-post-title":"","ast-breadcrumbs-content":"","ast-featured-img":"","footer-sml-layout":"","ast-disable-related-posts":"","theme-transparent-header-meta":"","adv-header-id-meta":"","stick-header-meta":"","header-above-stick-meta":"","header-main-stick-meta":"","header-below-stick-meta":"","astra-migrate-meta-layouts":"default","ast-page-background-enabled":"default","ast-page-background-meta":{"desktop":{"background-color":"var(--ast-global-color-4)","background-image":"","background-repeat":"repeat","background-position":"center center","background-size":"auto","background-attachment":"scroll","background-type":"","background-media":"","overlay-type":"","overlay-color":"","overlay-opacity":"","overlay-gradient":""},"tablet":{"background-color":"","background-image":"","background-repeat":"repeat","background-position":"center center","background-size":"auto","background-attachment":"scroll","background-type":"","background-media":"","overlay-type":"","overlay-color":"","overlay-opacity":"","overlay-gradient":""},"mobile":{"background-color":"","background-image":"","background-repeat":"repeat","background-position":"center center","background-size":"auto","background-attachment":"scroll","background-type":"","background-media":"","overlay-type":"","overlay-color":"","overlay-opacity":"","overlay-gradient":""}},"ast-content-background-meta":{"desktop":{"background-color":"var(--ast-global-color-5)","background-image":"","background-repeat":"repeat","background-position":"center center","background-size":"auto","background-attachment":"scroll","background-type":"","background-media":"","overlay-type":"","overlay-color":"","overlay-opacity":"","overlay-gradient":""},"tablet":{"background-color":"var(--ast-global-color-5)","background-image":"","background-repeat":"repeat","background-position":"center center","background-size":"auto","background-attachment":"scroll","background-type":"","background-media":"","overlay-type":"","overlay-color":"","overlay-opacity":"","overlay-gradient":""},"mobile":{"background-color":"var(--ast-global-color-5)","background-image":"","background-repeat":"repeat","background-position":"center center","background-size":"auto","background-attachment":"scroll","background-type":"","background-media":"","overlay-type":"","overlay-color":"","overlay-opacity":"","overlay-gradient":""}},"footnotes":""},"class_list":["post-5548","page","type-page","status-publish","hentry"],"_links":{"self":[{"href":"https:\/\/kuoomserengeti.com\/es\/wp-json\/wp\/v2\/pages\/5548","targetHints":{"allow":["GET"]}}],"collection":[{"href":"https:\/\/kuoomserengeti.com\/es\/wp-json\/wp\/v2\/pages"}],"about":[{"href":"https:\/\/kuoomserengeti.com\/es\/wp-json\/wp\/v2\/types\/page"}],"author":[{"embeddable":true,"href":"https:\/\/kuoomserengeti.com\/es\/wp-json\/wp\/v2\/users\/3"}],"replies":[{"embeddable":true,"href":"https:\/\/kuoomserengeti.com\/es\/wp-json\/wp\/v2\/comments?post=5548"}],"version-history":[{"count":0,"href":"https:\/\/kuoomserengeti.com\/es\/wp-json\/wp\/v2\/pages\/5548\/revisions"}],"wp:attachment":[{"href":"https:\/\/kuoomserengeti.com\/es\/wp-json\/wp\/v2\/media?parent=5548"}],"curies":[{"name":"wp","href":"https:\/\/api.w.org\/{rel}","templated":true}]}}