{"id":5436,"date":"2023-05-19T10:19:20","date_gmt":"2023-05-19T10:19:20","guid":{"rendered":"https:\/\/kuoomserengeti.com\/avis-juridique\/"},"modified":"2023-08-22T07:52:22","modified_gmt":"2023-08-22T07:52:22","slug":"avis-juridique","status":"publish","type":"page","link":"https:\/\/kuoomserengeti.com\/fr\/avis-juridique\/","title":{"rendered":"Avis juridique"},"content":{"rendered":"\n<h2 class=\"wp-block-heading\">Identification et propri\u00e9t\u00e9<\/h2>\n\n\n\n<p>Le titulaire pr\u00e9sente ses donn\u00e9es d&rsquo;identification ci-dessous :<\/p>\n\n\n\n<ul class=\"wp-block-list\">\n<li><strong>Propri\u00e9taire :<\/strong> Kuoom Andorra, S.L..<\/li>\n\n\n\n<li><strong>NUM\u00c9RO D&rsquo;IDENTIFICATION FISCALE :<\/strong> L-718039-E<\/li>\n\n\n\n<li><strong>Adresse :<\/strong> Carrer Mirador d&rsquo;Encamp 16, edificio 3, 4-4A AD200, Andorra la Vella &#8211; Andorre.<\/li>\n\n\n\n<li><strong>Courriel :<\/strong> info@kuoomserengeti.com<\/li>\n\n\n\n<li><strong>Site web :<\/strong> <a href=\"https:\/\/kuoomserengeti.com\/fr\/\">https:\/\/kuoomserengeti.com<\/a><\/li>\n<\/ul>\n\n\n\n<h2 class=\"wp-block-heading\">Conditions d&rsquo;utilisation<\/h2>\n\n\n\n<p>L&rsquo;utilisation du site Web vous conf\u00e8re le statut d&rsquo;utilisateur et implique la pleine acceptation de toutes les clauses et conditions d&rsquo;utilisation incluses dans les pages :<\/p>\n\n\n\n<ul class=\"wp-block-list\">\n<li><a href=\"https:\/\/kuoomserengeti.com\/fr\/avis-juridique\/\">Avis juridique<\/a><\/li>\n\n\n\n<li><a href=\"https:\/\/kuoomserengeti.com\/fr\/politique-de-confidentialite\/\">Politique de confidentialit\u00e9<\/a><\/li>\n\n\n\n<li><a href=\"https:\/\/kuoomserengeti.com\/fr\/politique-en-matiere-de-cookies\/\">Politique en mati\u00e8re de cookies<\/a><\/li>\n<\/ul>\n\n\n\n<p>Si vous n&rsquo;\u00eates pas d&rsquo;accord avec chacun de ces termes et conditions, veuillez ne pas utiliser le site web.<\/p>\n\n\n\n<p>L&rsquo;acc\u00e8s au site web n&rsquo;implique en aucun cas le d\u00e9but d&rsquo;une relation commerciale avec le propri\u00e9taire.<\/p>\n\n\n\n<p>Par le biais du site web, le propri\u00e9taire vous permet d&rsquo;acc\u00e9der et d&rsquo;utiliser divers contenus que le propri\u00e9taire et\/ou ses collaborateurs ont publi\u00e9s sur Internet.<\/p>\n\n\n\n<p>\u00c0 cet effet, vous avez l&rsquo;obligation et l&rsquo;engagement de NE PAS utiliser les contenus du site Web \u00e0 des fins ou \u00e0 des effets illicites, interdits par le pr\u00e9sent avis juridique ou par la l\u00e9gislation en vigueur, pr\u00e9judiciables aux droits et aux int\u00e9r\u00eats de tiers, ou susceptibles d&rsquo;endommager, de d\u00e9sactiver, de surcharger, de d\u00e9t\u00e9riorer ou d&#8217;emp\u00eacher l&rsquo;utilisation normale des contenus, des \u00e9quipements informatiques ou des documents, des fichiers et de tout type de contenu stock\u00e9 sur tout \u00e9quipement informatique appartenant ou souscrit par le propri\u00e9taire, d&rsquo;autres utilisateurs ou tout internaute.<\/p>\n\n\n\n<h2 class=\"wp-block-heading\">Mesures de s\u00e9curit\u00e9<\/h2>\n\n\n\n<p>Les donn\u00e9es personnelles fournies au Titulaire peuvent \u00eatre stock\u00e9es dans des bases de donn\u00e9es automatis\u00e9es ou non, dont la propri\u00e9t\u00e9 revient exclusivement au Titulaire, qui assume toutes les mesures techniques, organisationnelles et de s\u00e9curit\u00e9 garantissant la confidentialit\u00e9, l&rsquo;int\u00e9grit\u00e9 et la qualit\u00e9 des informations contenues dans ces bases, conform\u00e9ment aux dispositions de la l\u00e9gislation en vigueur en mati\u00e8re de protection des donn\u00e9es.<\/p>\n\n\n\n<p>Toutefois, vous devez savoir que les mesures de s\u00e9curit\u00e9 des syst\u00e8mes informatiques sur Internet ne sont pas enti\u00e8rement fiables et que, par cons\u00e9quent, le Titulaire ne peut pas garantir l&rsquo;absence de virus ou d&rsquo;autres \u00e9l\u00e9ments susceptibles de provoquer des alt\u00e9rations dans les syst\u00e8mes informatiques (logiciels et mat\u00e9riels) de l&rsquo;Utilisateur ou dans ses documents \u00e9lectroniques et les fichiers qu&rsquo;ils contiennent, bien que le Titulaire fasse tout son possible et prenne les mesures de s\u00e9curit\u00e9 n\u00e9cessaires pour \u00e9viter la pr\u00e9sence de ces \u00e9l\u00e9ments nocifs.<\/p>\n\n\n\n<h2 class=\"wp-block-heading\">Traitement des donn\u00e9es \u00e0 caract\u00e8re personnel<\/h2>\n\n\n\n<p>Vous pouvez consulter toutes les informations relatives au traitement des donn\u00e9es personnelles collect\u00e9es par le responsable du traitement sur la page <a href=\"https:\/\/kuoomserengeti.com\/fr\/politique-de-confidentialite\/\">Politique de confidentialit\u00e9<\/a>.<\/p>\n\n\n\n<h2 class=\"wp-block-heading\">Contenu<\/h2>\n\n\n\n<p>Le propri\u00e9taire a obtenu les informations, le contenu multim\u00e9dia et les mat\u00e9riaux contenus dans le site Web \u00e0 partir de sources qu&rsquo;il estime fiables, mais bien qu&rsquo;il ait pris toutes les mesures raisonnables pour s&rsquo;assurer que les informations contenues sont correctes, le propri\u00e9taire ne garantit pas qu&rsquo;elles sont exactes, compl\u00e8tes ou \u00e0 jour. Le propri\u00e9taire d\u00e9cline express\u00e9ment toute responsabilit\u00e9 en cas d&rsquo;erreurs ou d&rsquo;omissions dans les informations contenues dans les pages du site web.<\/p>\n\n\n\n<p>Il est interdit de transmettre ou d&rsquo;envoyer par l&rsquo;interm\u00e9diaire du site web tout contenu ill\u00e9gal ou illicite, des virus informatiques ou des messages qui, en g\u00e9n\u00e9ral, affectent ou violent les droits du propri\u00e9taire ou de tiers.<\/p>\n\n\n\n<p>Le contenu du site Internet est fourni \u00e0 titre d&rsquo;information uniquement et ne doit en aucun cas \u00eatre utilis\u00e9 ou consid\u00e9r\u00e9 comme une offre de vente, une sollicitation d&rsquo;offre d&rsquo;achat ou une recommandation d&rsquo;effectuer toute autre transaction, sauf mention expresse.<\/p>\n\n\n\n<p>Le propri\u00e9taire se r\u00e9serve le droit de modifier, suspendre, annuler ou restreindre le contenu du site web, les liens ou les informations obtenues par le biais du site web, sans pr\u00e9avis.<\/p>\n\n\n\n<p>Le Propri\u00e9taire n&rsquo;est pas responsable des dommages qui pourraient r\u00e9sulter de l&rsquo;utilisation des informations sur le site web ou contenues dans les r\u00e9seaux sociaux du Propri\u00e9taire.<\/p>\n\n\n\n<h2 class=\"wp-block-heading\">Politique en mati\u00e8re de cookies<\/h2>\n\n\n\n<p>Vous pouvez consulter toutes les informations relatives \u00e0 la politique de collecte et de traitement des cookies sur la page <a href=\"https:\/\/kuoomserengeti.com\/fr\/politique-en-matiere-de-cookies\/\">Politique en mati\u00e8re de cookies<\/a>.<\/p>\n\n\n\n<h2 class=\"wp-block-heading\">Liens vers d&rsquo;autres sites web<\/h2>\n\n\n\n<p>Le propri\u00e9taire peut vous donner acc\u00e8s \u00e0 des sites web de tiers au moyen de liens dans le seul but de vous informer de l&rsquo;existence d&rsquo;autres sources d&rsquo;information sur Internet o\u00f9 vous pouvez trouver des informations compl\u00e9mentaires sur le site web.<\/p>\n\n\n\n<p>Ces liens vers d&rsquo;autres sites web ne constituent en aucun cas une suggestion ou une recommandation de visiter les sites web de destination, qui \u00e9chappent au contr\u00f4le du propri\u00e9taire, et le propri\u00e9taire n&rsquo;est pas responsable du contenu des sites web li\u00e9s ou du r\u00e9sultat que vous obtenez en suivant les liens. De m\u00eame, le Propri\u00e9taire n&rsquo;est pas responsable des liens ou des renvois situ\u00e9s sur les sites web auxquels il donne acc\u00e8s.<\/p>\n\n\n\n<p>L&rsquo;\u00e9tablissement du lien n&rsquo;implique en aucun cas l&rsquo;existence d&rsquo;une relation entre le titulaire et le propri\u00e9taire du site o\u00f9 le lien est \u00e9tabli, ni l&rsquo;acceptation ou l&rsquo;approbation par le titulaire de son contenu ou de ses services.<\/p>\n\n\n\n<p>Si vous acc\u00e9dez \u00e0 un site web externe \u00e0 partir d&rsquo;un lien trouv\u00e9 sur le site web, vous devez lire la politique de confidentialit\u00e9 de l&rsquo;autre site web, qui peut diff\u00e9rer de celle du pr\u00e9sent site web.<\/p>\n\n\n\n<h2 class=\"wp-block-heading\">Propri\u00e9t\u00e9 intellectuelle et industrielle<\/h2>\n\n\n\n<p>Tous droits r\u00e9serv\u00e9s.<\/p>\n\n\n\n<p>Tout acc\u00e8s \u00e0 ce site Web est soumis aux conditions suivantes : la reproduction, le stockage permanent et la diffusion du contenu ou toute autre utilisation \u00e0 des fins publiques ou commerciales sont express\u00e9ment interdits sans l&rsquo;accord \u00e9crit pr\u00e9alable du propri\u00e9taire.<\/p>\n\n\n\n<h2 class=\"wp-block-heading\">Limitation de la responsabilit\u00e9<\/h2>\n\n\n\n<p>Les informations et les services inclus ou disponibles sur le site web peuvent comporter des inexactitudes ou des erreurs typographiques. Le propri\u00e9taire incorpore p\u00e9riodiquement des am\u00e9liorations et\/ou des modifications aux informations contenues et\/ou aux services qui peuvent \u00eatre introduits \u00e0 tout moment.<\/p>\n\n\n\n<p>Le propri\u00e9taire ne d\u00e9clare ni ne garantit que les services ou le contenu seront ininterrompus ou exempts d&rsquo;erreurs, que les d\u00e9fauts seront corrig\u00e9s ou que le service ou le serveur qui le met \u00e0 disposition sont exempts de virus ou d&rsquo;autres \u00e9l\u00e9ments nuisibles, m\u00eame si le propri\u00e9taire met tout en \u0153uvre pour \u00e9viter de tels incidents.<\/p>\n\n\n\n<p>Le Propri\u00e9taire d\u00e9cline toute responsabilit\u00e9 en cas d&rsquo;interruption ou de dysfonctionnement des Services ou des contenus propos\u00e9s sur Internet, quelle qu&rsquo;en soit la cause. De m\u00eame, le Titulaire n&rsquo;est pas responsable des pannes de r\u00e9seau, des pertes d&rsquo;exploitation cons\u00e9cutives \u00e0 ces pannes, des coupures d&rsquo;\u00e9lectricit\u00e9 temporaires ou de tout autre type de dommage indirect pouvant r\u00e9sulter de causes ind\u00e9pendantes de la volont\u00e9 du Titulaire.<\/p>\n\n\n\n<p>Avant de prendre des d\u00e9cisions et\/ou des mesures sur la base des informations contenues sur le site web, le propri\u00e9taire vous recommande de v\u00e9rifier et de confronter les informations re\u00e7ues avec d&rsquo;autres sources.<\/p>\n\n\n\n<h2 class=\"wp-block-heading\">Droit d&rsquo;exclusion<\/h2>\n\n\n\n<p>Le propri\u00e9taire se r\u00e9serve le droit de refuser ou de retirer l&rsquo;acc\u00e8s au site Web et aux services offerts sans pr\u00e9avis, \u00e0 sa propre demande ou \u00e0 la demande d&rsquo;un tiers, aux utilisateurs qui enfreignent l&rsquo;une des conditions du pr\u00e9sent avis juridique.<\/p>\n\n\n\n<h2 class=\"wp-block-heading\">Contact<\/h2>\n\n\n\n<p>Si vous avez des questions concernant le pr\u00e9sent avis juridique ou si vous souhaitez faire des commentaires sur le site web, vous pouvez envoyer un courrier \u00e9lectronique \u00e0 l&rsquo;adresse suivante : info@kuoomserengeti.com.<\/p>\n","protected":false},"excerpt":{"rendered":"<p>Identification et propri\u00e9t\u00e9 Le titulaire pr\u00e9sente ses donn\u00e9es d&rsquo;identification ci-dessous : Conditions d&rsquo;utilisation L&rsquo;utilisation du site Web vous conf\u00e8re le statut d&rsquo;utilisateur et implique la pleine acceptation de toutes les clauses et conditions d&rsquo;utilisation incluses dans les pages : Si vous n&rsquo;\u00eates pas d&rsquo;accord avec chacun de ces termes et conditions, veuillez ne pas utiliser<\/p>\n","protected":false},"author":3,"featured_media":0,"parent":0,"menu_order":0,"comment_status":"closed","ping_status":"closed","template":"","meta":{"site-sidebar-layout":"default","site-content-layout":"","ast-site-content-layout":"default","site-content-style":"default","site-sidebar-style":"default","ast-global-header-display":"","ast-banner-title-visibility":"","ast-main-header-display":"","ast-hfb-above-header-display":"","ast-hfb-below-header-display":"","ast-hfb-mobile-header-display":"","site-post-title":"","ast-breadcrumbs-content":"","ast-featured-img":"","footer-sml-layout":"","ast-disable-related-posts":"","theme-transparent-header-meta":"","adv-header-id-meta":"","stick-header-meta":"","header-above-stick-meta":"","header-main-stick-meta":"","header-below-stick-meta":"","astra-migrate-meta-layouts":"default","ast-page-background-enabled":"default","ast-page-background-meta":{"desktop":{"background-color":"var(--ast-global-color-4)","background-image":"","background-repeat":"repeat","background-position":"center center","background-size":"auto","background-attachment":"scroll","background-type":"","background-media":"","overlay-type":"","overlay-color":"","overlay-opacity":"","overlay-gradient":""},"tablet":{"background-color":"","background-image":"","background-repeat":"repeat","background-position":"center center","background-size":"auto","background-attachment":"scroll","background-type":"","background-media":"","overlay-type":"","overlay-color":"","overlay-opacity":"","overlay-gradient":""},"mobile":{"background-color":"","background-image":"","background-repeat":"repeat","background-position":"center center","background-size":"auto","background-attachment":"scroll","background-type":"","background-media":"","overlay-type":"","overlay-color":"","overlay-opacity":"","overlay-gradient":""}},"ast-content-background-meta":{"desktop":{"background-color":"var(--ast-global-color-5)","background-image":"","background-repeat":"repeat","background-position":"center center","background-size":"auto","background-attachment":"scroll","background-type":"","background-media":"","overlay-type":"","overlay-color":"","overlay-opacity":"","overlay-gradient":""},"tablet":{"background-color":"var(--ast-global-color-5)","background-image":"","background-repeat":"repeat","background-position":"center center","background-size":"auto","background-attachment":"scroll","background-type":"","background-media":"","overlay-type":"","overlay-color":"","overlay-opacity":"","overlay-gradient":""},"mobile":{"background-color":"var(--ast-global-color-5)","background-image":"","background-repeat":"repeat","background-position":"center center","background-size":"auto","background-attachment":"scroll","background-type":"","background-media":"","overlay-type":"","overlay-color":"","overlay-opacity":"","overlay-gradient":""}},"footnotes":""},"class_list":["post-5436","page","type-page","status-publish","hentry"],"_links":{"self":[{"href":"https:\/\/kuoomserengeti.com\/fr\/wp-json\/wp\/v2\/pages\/5436","targetHints":{"allow":["GET"]}}],"collection":[{"href":"https:\/\/kuoomserengeti.com\/fr\/wp-json\/wp\/v2\/pages"}],"about":[{"href":"https:\/\/kuoomserengeti.com\/fr\/wp-json\/wp\/v2\/types\/page"}],"author":[{"embeddable":true,"href":"https:\/\/kuoomserengeti.com\/fr\/wp-json\/wp\/v2\/users\/3"}],"replies":[{"embeddable":true,"href":"https:\/\/kuoomserengeti.com\/fr\/wp-json\/wp\/v2\/comments?post=5436"}],"version-history":[{"count":0,"href":"https:\/\/kuoomserengeti.com\/fr\/wp-json\/wp\/v2\/pages\/5436\/revisions"}],"wp:attachment":[{"href":"https:\/\/kuoomserengeti.com\/fr\/wp-json\/wp\/v2\/media?parent=5436"}],"curies":[{"name":"wp","href":"https:\/\/api.w.org\/{rel}","templated":true}]}}