{"id":5545,"date":"2023-08-22T07:54:31","date_gmt":"2023-08-22T07:54:31","guid":{"rendered":"https:\/\/kuoomserengeti.com\/politique-de-confidentialite-2\/"},"modified":"2023-08-22T07:57:11","modified_gmt":"2023-08-22T07:57:11","slug":"politique-de-confidentialite","status":"publish","type":"page","link":"https:\/\/kuoomserengeti.com\/fr\/politique-de-confidentialite\/","title":{"rendered":"Politique de confidentialit\u00e9"},"content":{"rendered":"\n<p><\/p><div class=\"hfeed site\" id=\"page\"><div id=\"content\" class=\"site-content\"><div class=\"ast-container\"><div id=\"primary\" class=\"content-area primary\"><main id=\"main\" class=\"site-main\"><article class=\"post-5440 page type-page status-publish ast-article-single\" id=\"post-5440\" itemtype=\"https:\/\/schema.org\/CreativeWork\" itemscope=\"itemscope\"><div class=\"entry-content clear\" itemprop=\"text\"><p class=\"privacy-policy-p\">  Cette politique de confidentialit\u00e9 d\u00e9crit les politiques de Kuoom Andorra, S.L., Carrer Mirador d&rsquo;Encamp 16, building 3, 4-4A AD200, Andorra la Vella &#8211; Andorra&#8230;, Andorra AD200, Andorra, email : info@kuoomserengeti.com, phone : +255684543619 sur la collecte, l&rsquo;utilisation et la divulgation des informations que nous recueillons lorsque vous utilisez notre site web ( https:\/\/kuoomserengeti.com ). (le \u00ab\u00a0Service\u00a0\u00bb). En acc\u00e9dant au service ou en l&rsquo;utilisant, vous consentez \u00e0 la collecte, \u00e0 l&rsquo;utilisation et \u00e0 la divulgation de vos informations conform\u00e9ment \u00e0 la pr\u00e9sente politique de confidentialit\u00e9. Si vous n&rsquo;y consentez pas, veuillez ne pas acc\u00e9der au service ni l&rsquo;utiliser. Nous pouvons modifier la pr\u00e9sente politique de confidentialit\u00e9 \u00e0 tout moment, sans pr\u00e9avis, et nous publierons la politique de confidentialit\u00e9 r\u00e9vis\u00e9e sur le service. La politique r\u00e9vis\u00e9e entrera en vigueur 180 jours apr\u00e8s la publication de la politique r\u00e9vis\u00e9e dans le service et votre acc\u00e8s ou utilisation continue du service apr\u00e8s ce d\u00e9lai constituera votre acceptation de la politique r\u00e9vis\u00e9e de protection de la vie priv\u00e9e. Nous vous recommandons donc de consulter r\u00e9guli\u00e8rement cette page.<\/p><li>  <h2 class=\"privacy-policy-h2\">  How We Use Your Information:         <\/h2>         <p class=\"privacy-policy-p\">  Nous utiliserons les informations que nous recueillons \u00e0 votre sujet aux fins suivantes :  <\/p>         <ol class=\"privacy-policy-ol\"><li>Marketing\/ PromotionalSupport<\/li><\/ol>         <p class=\"privacy-policy-p\">  Si nous voulons utiliser vos informations \u00e0 d&rsquo;autres fins, nous vous demanderons votre consentement et nous n&rsquo;utiliserons vos informations qu&rsquo;apr\u00e8s avoir re\u00e7u votre consentement et, dans ce cas, uniquement aux fins pour lesquelles vous avez donn\u00e9 votre consentement, \u00e0 moins que la loi ne nous oblige \u00e0 faire autrement.  <\/p>              <h2 class=\"privacy-policy-h2\">  Your Rights:         <\/h2>         <p class=\"privacy-policy-p\">  En fonction de la l\u00e9gislation applicable, vous pouvez avoir un droit d&rsquo;acc\u00e8s et de rectification ou d&rsquo;effacement de vos donn\u00e9es \u00e0 caract\u00e8re personnel ou recevoir une copie de vos donn\u00e9es \u00e0 caract\u00e8re personnel, restreindre le traitement actif de vos donn\u00e9es ou vous y opposer, nous demander de partager (porter) vos donn\u00e9es \u00e0 caract\u00e8re personnel avec une autre entit\u00e9, retirer tout consentement que vous nous avez donn\u00e9 pour traiter vos donn\u00e9es, un droit de d\u00e9poser une plainte aupr\u00e8s d&rsquo;une autorit\u00e9 statutaire et tout autre droit pouvant \u00eatre pertinent en vertu des lois applicables. Pour exercer ces droits, vous pouvez nous \u00e9crire \u00e0 info@kuoomserengeti.com. Nous r\u00e9pondrons \u00e0 votre demande conform\u00e9ment \u00e0 la l\u00e9gislation applicable.  <\/p>                 <p class=\"privacy-policy-p\">  Vous pouvez refuser les communications de marketing direct ou le profilage que nous effectuons \u00e0 des fins de marketing en nous \u00e9crivant \u00e0 l&rsquo;adresse suivante : info@kuoomserengeti.com.  <\/p>                  <p class=\"privacy-policy-p\">  Veuillez noter que si vous ne nous autorisez pas \u00e0 collecter ou \u00e0 traiter les informations personnelles requises ou si vous retirez votre consentement au traitement de ces informations aux fins requises, il se peut que vous ne puissiez pas acc\u00e9der aux services pour lesquels vos informations ont \u00e9t\u00e9 demand\u00e9es, ni les utiliser.  <\/p>              <h2 class=\"privacy-policy-h2\">  Cookies Etc.         <\/h2>         <p class=\"privacy-policy-p\">  Pour en savoir plus sur la mani\u00e8re dont nous utilisons ces technologies et sur les choix qui s&rsquo;offrent \u00e0 vous en ce qui concerne ces technologies de suivi, veuillez consulter notre <a href=\"https:\/\/kuoomserengeti.com\/fr\/\">politique en mati\u00e8re de cookies<\/a>.         <\/p>              <h2 class=\"privacy-policy-h2\">  Security:         <\/h2>         <p class=\"privacy-policy-p\">  La s\u00e9curit\u00e9 de vos informations est importante pour nous et nous utiliserons des mesures de s\u00e9curit\u00e9 raisonnables pour emp\u00eacher la perte, l&rsquo;utilisation abusive ou la modification non autoris\u00e9e de vos informations sous notre contr\u00f4le. Toutefois, compte tenu des risques inh\u00e9rents, nous ne pouvons pas garantir une s\u00e9curit\u00e9 absolue et, par cons\u00e9quent, nous ne pouvons pas assurer ou garantir la s\u00e9curit\u00e9 des informations que vous nous transmettez et vous le faites \u00e0 vos propres risques.  <\/p>              <h2 class=\"privacy-policy-h2\">  Grievance \/ Data Protection Officer:         <\/h2>         <p class=\"privacy-policy-p\">  Si vous avez des questions ou des pr\u00e9occupations concernant le traitement de vos informations disponibles chez nous, vous pouvez envoyer un courriel \u00e0 notre responsable des griefs \u00e0 Kuoom Andorra, S.L., Carrer Mirador d&rsquo;Encamp 16, building 3, 4-4A AD200, Andorra la Vella &#8211; Andorra&#8230;, courriel : info@kuoomserengeti.com. Nous r\u00e9pondrons \u00e0 vos pr\u00e9occupations conform\u00e9ment \u00e0 la l\u00e9gislation applicable.  <\/p>     <\/li><\/div><\/article><\/main><\/div><\/div><\/div><\/div> \n","protected":false},"excerpt":{"rendered":"<p>Cette politique de confidentialit\u00e9 d\u00e9crit les politiques de Kuoom Andorra, S.L., Carrer Mirador d&rsquo;Encamp 16, building 3, 4-4A AD200, Andorra la Vella &#8211; Andorra&#8230;, Andorra AD200, Andorra, email : info@kuoomserengeti.com, phone : +255684543619 sur la collecte, l&rsquo;utilisation et la divulgation des informations que nous recueillons lorsque vous utilisez notre site web ( https:\/\/kuoomserengeti.com ). (le<\/p>\n","protected":false},"author":3,"featured_media":0,"parent":0,"menu_order":0,"comment_status":"closed","ping_status":"closed","template":"","meta":{"site-sidebar-layout":"default","site-content-layout":"","ast-site-content-layout":"default","site-content-style":"default","site-sidebar-style":"default","ast-global-header-display":"","ast-banner-title-visibility":"","ast-main-header-display":"","ast-hfb-above-header-display":"","ast-hfb-below-header-display":"","ast-hfb-mobile-header-display":"","site-post-title":"","ast-breadcrumbs-content":"","ast-featured-img":"","footer-sml-layout":"","ast-disable-related-posts":"","theme-transparent-header-meta":"","adv-header-id-meta":"","stick-header-meta":"","header-above-stick-meta":"","header-main-stick-meta":"","header-below-stick-meta":"","astra-migrate-meta-layouts":"default","ast-page-background-enabled":"default","ast-page-background-meta":{"desktop":{"background-color":"var(--ast-global-color-4)","background-image":"","background-repeat":"repeat","background-position":"center center","background-size":"auto","background-attachment":"scroll","background-type":"","background-media":"","overlay-type":"","overlay-color":"","overlay-opacity":"","overlay-gradient":""},"tablet":{"background-color":"","background-image":"","background-repeat":"repeat","background-position":"center center","background-size":"auto","background-attachment":"scroll","background-type":"","background-media":"","overlay-type":"","overlay-color":"","overlay-opacity":"","overlay-gradient":""},"mobile":{"background-color":"","background-image":"","background-repeat":"repeat","background-position":"center center","background-size":"auto","background-attachment":"scroll","background-type":"","background-media":"","overlay-type":"","overlay-color":"","overlay-opacity":"","overlay-gradient":""}},"ast-content-background-meta":{"desktop":{"background-color":"var(--ast-global-color-5)","background-image":"","background-repeat":"repeat","background-position":"center center","background-size":"auto","background-attachment":"scroll","background-type":"","background-media":"","overlay-type":"","overlay-color":"","overlay-opacity":"","overlay-gradient":""},"tablet":{"background-color":"var(--ast-global-color-5)","background-image":"","background-repeat":"repeat","background-position":"center center","background-size":"auto","background-attachment":"scroll","background-type":"","background-media":"","overlay-type":"","overlay-color":"","overlay-opacity":"","overlay-gradient":""},"mobile":{"background-color":"var(--ast-global-color-5)","background-image":"","background-repeat":"repeat","background-position":"center center","background-size":"auto","background-attachment":"scroll","background-type":"","background-media":"","overlay-type":"","overlay-color":"","overlay-opacity":"","overlay-gradient":""}},"footnotes":""},"class_list":["post-5545","page","type-page","status-publish","hentry"],"_links":{"self":[{"href":"https:\/\/kuoomserengeti.com\/fr\/wp-json\/wp\/v2\/pages\/5545","targetHints":{"allow":["GET"]}}],"collection":[{"href":"https:\/\/kuoomserengeti.com\/fr\/wp-json\/wp\/v2\/pages"}],"about":[{"href":"https:\/\/kuoomserengeti.com\/fr\/wp-json\/wp\/v2\/types\/page"}],"author":[{"embeddable":true,"href":"https:\/\/kuoomserengeti.com\/fr\/wp-json\/wp\/v2\/users\/3"}],"replies":[{"embeddable":true,"href":"https:\/\/kuoomserengeti.com\/fr\/wp-json\/wp\/v2\/comments?post=5545"}],"version-history":[{"count":0,"href":"https:\/\/kuoomserengeti.com\/fr\/wp-json\/wp\/v2\/pages\/5545\/revisions"}],"wp:attachment":[{"href":"https:\/\/kuoomserengeti.com\/fr\/wp-json\/wp\/v2\/media?parent=5545"}],"curies":[{"name":"wp","href":"https:\/\/api.w.org\/{rel}","templated":true}]}}